{"id":860,"date":"2019-06-28T13:56:41","date_gmt":"2019-06-28T11:56:41","guid":{"rendered":"https:\/\/www.seilbahn-ruedesheim.de\/imprint\/"},"modified":"2026-03-02T17:05:32","modified_gmt":"2026-03-02T16:05:32","slug":"imprint","status":"publish","type":"page","link":"https:\/\/www.seilbahn-ruedesheim.de\/en\/imprint\/","title":{"rendered":"Imprint"},"content":{"rendered":"<div class=\"lazyblock-nncontainer-Z1H5ltd wp-block-lazyblock-nncontainer\"><div class=\"section-orange-light\">\r\n  <div class=\"container\" id=\"container-Z1H5ltd\">\r\n    <div class=\"row\">\r\n      <div class=\"col py-5\">\r\n        <div class=\"lazyblock-inner-blocks\">\n\n<h1 class=\"wp-block-heading\">Imprint<\/h1>\n\n\n\n<h5 class=\"wp-block-heading\">Information according to \u00a7 5 TMG <\/h5>\n\n\n\n<p class=\"mb-5 wp-block-paragraph\">R\u00fcdesheimer Seilbahngesellschaft mbH Bayer, Opitz &amp; Co. KG <br>Oberstra\u00dfe 37 <br>65385 R\u00fcdesheim am Rhein<\/p>\n\n\n\n<h5 class=\"wp-block-heading\">Represented by<\/h5>\n\n\n\n<p class=\"mb-5 wp-block-paragraph\">Rainer Orben<\/p>\n\n\n\n<h5 class=\"wp-block-heading\">Contact<\/h5>\n\n\n\n<p class=\"mb-5 wp-block-paragraph\">fon: +49 (0) 6722 \/ 2402 <br>fax: +49 (0) 6722 \/ 3574 <br>email: <a href=\"mailto:info@seilbahn-ruedesheim.de\">info@seilbahn-ruedesheim.de<\/a><\/p>\n\n\n\n<hr class=\"wp-block-separator has-css-opacity\"\/>\n\n\n\n<h5 class=\"wp-block-heading\">Commercial Registration<\/h5>\n\n\n\n<p class=\"mb-5 wp-block-paragraph\">Wiesbaden Registergericht Court of Company Registration <br>HRB 20147<\/p>\n\n\n\n<h5 class=\"wp-block-heading\">VAT ID:<\/h5>\n\n\n\n<p class=\"mb-5 wp-block-paragraph\">DE113656141<\/p>\n\n\n\n<h5 class=\"wp-block-heading\">Regulatory Authority<\/h5>\n\n\n\n<p class=\"mb-5 wp-block-paragraph\">Regierungspr\u00e4sidium Darmstadt <br>Luisenplatz 2 <br>64283 Darmstadt <a href=\"https:\/\/rp-darmstadt.hessen.de\">https:\/\/rp-darmstadt.hessen.de<\/a><\/p>\n\n\n\n<hr class=\"wp-block-separator has-css-opacity\"\/>\n\n\n\n<h5 class=\"wp-block-heading\">Design, <strong>realization&nbsp;and&nbsp;programming<\/strong><\/h5>\n\n\n\n<p class=\"mb-5 wp-block-paragraph\"><a href=\"https:\/\/www.99grad.de\" target=\"_blank\" rel=\"noreferrer noopener\" aria-label=\"99\u00b0 Grafikdesign (\u00f6ffnet in neuem Tab)\">99\u00b0 Grafikdesign<\/a><\/p>\n\n\n\n<h5 class=\"wp-block-heading\">Photos<\/h5>\n\n\n\n<p class=\"mb-5 wp-block-paragraph\">Hermann Heibel, Fotojournalist<br>Karlheinz Walter, Fotograf<br>R\u00fcdesheim Tourist AG<br>Seilbahn R\u00fcdesheim<br>R\u00fcdesheimer Schloss, Hotel <\/p>\n\n\n\n<hr class=\"wp-block-separator has-css-opacity\"\/>\n\n\n\n<h5 class=\"wp-block-heading\">Legal information<\/h5>\n\n\n\n<p class=\"wp-block-paragraph\">1. Limitation of liability<\/p>\n\n\n\n<p class=\"mb-5 wp-block-paragraph\">The content of this website was prepared\nwith the utmost care. However, the provider assumes no liability for the\ncontent provided being accurate, complete and up to date. The user uses the\ncontents of the website at his or her own risk. Contributions made by specific\npersons who are named at the website reflect the opinion of the respective\nauthor and not always the opinion of the provider. The mere use of the\nprovider&#8217;s website does not constitute a contractual relationship between the user\nand the provider.<\/p>\n\n\n\n<p class=\"wp-block-paragraph\">2. External Links<\/p>\n\n\n\n<p class=\"mb-5 wp-block-paragraph\">This website contains links to third-party\nwebsites (&#8220;external links&#8221;). The respective operators of these\nwebsites assume liability for the websites. When these external links were\nfirst added to the website, the provider checked the content at these external\nwebsites for possible legal violations. At that time, no legal violations were\napparent. The provider has no influence whatsoever on the current and future\ndesign and content of the linked websites. The inclusion of external links does\nnot mean that the provider adopts the content behind the reference or link as\nhis own. It is not reasonable for the provider to constantly control these\nexternal links without there being concrete evidence of legal violations. However,\nif the provider becomes aware of any legal violations, such external links will\nbe deleted immediately.<\/p>\n\n\n\n<p class=\"wp-block-paragraph\">3. Copyright and intellectual copyrights<\/p>\n\n\n\n<p class=\"mb-5 wp-block-paragraph\">The contents published on this website are\nsubject to German copyright and intellectual copyright law. Any use not\npermitted by German copyright and intellectual copyright law requires the prior\nwritten consent of the provider or the respective copyright holder. This\napplies in particular to duplication, editing, translation, storage, processing\nor reproduction of content in databases or other electronic media and systems.\nContents and rights of third parties are marked as such. The unauthorized\nduplication or transmission of individual contents or complete pages is not\npermitted and is punishable by law. Only the production of copies and downloads\nfor personal, private and non-commercial use is permitted. The presentation of\nthis website in external frames is only permitted with written permission.<\/p>\n\n\n\n<p class=\"wp-block-paragraph\">4. Special Terms of Use<\/p>\n\n\n\n<p class=\"wp-block-paragraph\">If special conditions for individual uses\nof this website deviate from the aforementioned points 1 to 4, this will be\nexpressly pointed out at the appropriate place. In such instances, the special\nterms of use shall apply to that specific case. This website uses Google\nAnalytics, a web analysis service of Google Inc. (&#8220;Google&#8221;). Google\nAnalytics uses so-called &#8220;cookies&#8221;, text files that are stored on\nyour computer and enable an analysis of your use of the website. The\ninformation produced by the cookie concerning your use of this website (including\nyour IP address) is transferred to a Google server in the USA and stored there.\nGoogle will use this information to analyse your use of the website, to draw up\nreports about website activities for the website operators and to provide\nadditional services linked to the use of the website and the Internet. Google\nwill also transfer this information to third parties, if necessary, provided\nthat this is legally mandated or insofar as third parties have been\ncommissioned to process the data by Google. Under no circumstances will Google\nassociate your IP address with any other Google data. You can prevent cookies\nfrom being installed by activating the appropriate setting in your browser\nsoftware; please note, however, that if you do this, you might not be able to\nfully use all functions of this website. By using this website, you give your\nconsent to data about you collected by Google being processed as described\nabove and for the purpose described above.<\/p>\n\n<\/div>\r\n      <\/div>\r\n    <\/div>\r\n  <\/div>\r\n<\/div><\/div>","protected":false},"excerpt":{"rendered":"","protected":false},"author":5,"featured_media":0,"parent":0,"menu_order":0,"comment_status":"closed","ping_status":"closed","template":"","meta":{"_acf_changed":false,"_crdt_document":"","inline_featured_image":false,"slim_seo":{"title":"Imprint - Seilbahn R\u00fcdesheim","description":""},"footnotes":""},"class_list":["post-860","page","type-page","status-publish","hentry"],"acf":[],"_links":{"self":[{"href":"https:\/\/www.seilbahn-ruedesheim.de\/en\/wp-json\/wp\/v2\/pages\/860","targetHints":{"allow":["GET"]}}],"collection":[{"href":"https:\/\/www.seilbahn-ruedesheim.de\/en\/wp-json\/wp\/v2\/pages"}],"about":[{"href":"https:\/\/www.seilbahn-ruedesheim.de\/en\/wp-json\/wp\/v2\/types\/page"}],"author":[{"embeddable":true,"href":"https:\/\/www.seilbahn-ruedesheim.de\/en\/wp-json\/wp\/v2\/users\/5"}],"replies":[{"embeddable":true,"href":"https:\/\/www.seilbahn-ruedesheim.de\/en\/wp-json\/wp\/v2\/comments?post=860"}],"version-history":[{"count":12,"href":"https:\/\/www.seilbahn-ruedesheim.de\/en\/wp-json\/wp\/v2\/pages\/860\/revisions"}],"predecessor-version":[{"id":2356,"href":"https:\/\/www.seilbahn-ruedesheim.de\/en\/wp-json\/wp\/v2\/pages\/860\/revisions\/2356"}],"wp:attachment":[{"href":"https:\/\/www.seilbahn-ruedesheim.de\/en\/wp-json\/wp\/v2\/media?parent=860"}],"curies":[{"name":"wp","href":"https:\/\/api.w.org\/{rel}","templated":true}]}}