{"id":806,"date":"2019-06-28T12:41:26","date_gmt":"2019-06-28T10:41:26","guid":{"rendered":"https:\/\/www.seilbahn-ruedesheim.de\/ring-tour\/"},"modified":"2026-01-05T17:36:49","modified_gmt":"2026-01-05T16:36:49","slug":"ring-tour","status":"publish","type":"page","link":"https:\/\/www.seilbahn-ruedesheim.de\/en\/tours\/ring-tour\/","title":{"rendered":"Ring Tour"},"content":{"rendered":"\n\n\n<h5 class=\"wp-block-heading\">An impressive round trip with a hike and boat ride duration 3-4 hours latest stat in Ruedesheim at 15:00 hours<\/h5>\n\n\n\n<hr class=\"wp-block-separator has-css-opacity\"\/>\n\n\n<div class=\"lazyblock-tour-details-2hTs7a wp-block-lazyblock-tour-details\"><div class=\"tour-details\">\r\n\t<div class=\"tour-details-icon\"><img decoding=\"async\" src=\"\/wp-content\/uploads\/2019\/04\/icon-seilbahnhoch.svg\"\/><\/div>\r\n\t<div class=\"tour-details-text\"><p>proof the operation hours of the Ships and the Chairlift. Start in in time R\u00fcdesheim and ride up to the Niederwald monument in a cable car<\/p><\/div>\r\n\t<div class=\"tour-details-zeit\">15 Min.<\/div>\r\n<\/div><\/div>\n\n\n<hr class=\"wp-block-separator has-css-opacity\"\/>\n\n\n<div class=\"lazyblock-tour-details-ZkFHE0 wp-block-lazyblock-tour-details\"><div class=\"tour-details\">\r\n\t<div class=\"tour-details-icon\"><img decoding=\"async\" src=\"\/wp-content\/uploads\/2019\/04\/icon-denkmal.svg\"\/><\/div>\r\n\t<div class=\"tour-details-text\"><p>Visit the Niederwald monument and enjoy the beautiful view or take a break at the nearby restaurant facilities.<\/p><\/div>\r\n\t<div class=\"tour-details-zeit\">30 Min.<\/div>\r\n<\/div><\/div>\n\n\n<hr class=\"wp-block-separator has-css-opacity\"\/>\n\n\n<div class=\"lazyblock-tour-details-288OM9 wp-block-lazyblock-tour-details\"><div class=\"tour-details\">\r\n\t<div class=\"tour-details-icon\"><img decoding=\"async\" src=\"\/wp-content\/uploads\/2019\/04\/icon-sternenwarte.svg\"\/><\/div>\r\n\t<div class=\"tour-details-text\"><p>Walk to the chairlift which will take you about an hour. Along the way you can discover and visit many other sights:<\/p><p>1<strong> The Rossel ruin:<\/strong> an old castle ruin, built in 1774 by Count Ostein<\/p><p> Popular because of its magnificent view of the Nahe estuary.<\/p><p> More info: <a href=\"http:\/\/www.kulturland-rheingau.de\/burgruinerossel-ruedesheim\">kulturland-rheingau.de<\/a><\/p><p><strong>2 The \u201cZauberh\u00f6hle\u201d or magic cave:<\/strong> a walled tunnel<\/p><p> Please note the opening hours from Good Friday to November. <\/p><p> More info: <a href=\"https:\/\/www.rheingau.de\/sehenswertes\/sehenswuerdigkeiten\/zauberhoehle\">rheingau.de<\/a><\/p><p><strong> 3 Game enclosures:<\/strong> ideal for feeding and observing deer all year round<\/p><\/div>\r\n\t<div class=\"tour-details-zeit\">60 Min.<\/div>\r\n<\/div><\/div>\n\n\n<hr class=\"wp-block-separator has-css-opacity\"\/>\n\n\n<div class=\"lazyblock-tour-details-28O848 wp-block-lazyblock-tour-details\"><div class=\"tour-details\">\r\n\t<div class=\"tour-details-icon\"><img decoding=\"async\" src=\"\/wp-content\/uploads\/2019\/04\/icon-sessellift.svg\"\/><\/div>\r\n\t<div class=\"tour-details-text\"><p>Take the chairlift back down to Assmannshausen, a local red wine-growing village with many spots to stop for refreshments. From there you walk to pier 3 Bingen-Ruedesheimer on the Rhine.<\/p><\/div>\r\n\t<div class=\"tour-details-zeit\">30 Min.<\/div>\r\n<\/div><\/div>\n\n\n<hr class=\"wp-block-separator has-css-opacity\"\/>\n\n\n<div class=\"lazyblock-tour-details-Zw5YEw wp-block-lazyblock-tour-details\"><div class=\"tour-details\">\r\n\t<div class=\"tour-details-icon\"><img decoding=\"async\" src=\"\/wp-content\/uploads\/2019\/04\/icon-schiff.svg\"\/><\/div>\r\n\t<div class=\"tour-details-text\"><p>There you take the Bingen-R\u00fcdesheimer boat past the old M\u00e4useturm toll tower through the Binger Loch back to R\u00fcdesheim. If you choose to disembark in Bingen, your journey time is reduced by approx. 5 &#8211; 10 minutes. More information at: <a href=\"https:\/\/www.bingen-ruedesheimer.de\/fahrplan\/\">www.bingen-ruedesheimer.de<\/a> Alternatively, you can start the Ring Tour by taking the boat to Assmannshausen (journey time then only approx. 25 minutes). Boat from pier 8 in R\u00fcdesheim. Please note that the departure times of the ships may be delayed by up to 30-60 minutes due to the water level.<\/p><\/div>\r\n\t<div class=\"tour-details-zeit\">50 Min.<\/div>\r\n<\/div><\/div>\n\n\n<figure class=\"wp-block-image my-5\"><img decoding=\"async\" src=\"https:\/\/www.seilbahn-ruedesheim.de\/wp-content\/uploads\/2019\/04\/karte_ringtour.svg\" alt=\"\" class=\"wp-image-705\"\/><\/figure>\n\n\n\n<h4 class=\"wp-block-heading\">Prices<\/h4>\n\n\n\n<figure class=\"wp-block-table mb-5\"><table><tbody><tr><td>Adults<\/td><td>\u20ac 24.00<\/td><\/tr><tr><td>Children 5\u201315 years<\/td><td>\u20ac 12.00<\/td><\/tr><tr><td>Groups from 20 persons<\/td><td>\u20ac 22.00<\/td><\/tr><tr><td>School classes aged up to 18 years <\/td><td>\u20ac 11.00<\/td><\/tr><\/tbody><\/table><\/figure>\n\n\n\n<figure class=\"wp-block-gallery columns-4 is-cropped wp-block-gallery-1 is-layout-flex wp-block-gallery-is-layout-flex\"><ul class=\"blocks-gallery-grid\"><li class=\"blocks-gallery-item\"><figure><img decoding=\"async\" src=\"https:\/\/www.seilbahn-ruedesheim.de\/wp-content\/uploads\/2019\/04\/tour-seilbahn.jpg\" alt=\"\" data-id=\"330\" data-link=\"https:\/\/www.seilbahn-ruedesheim.de\/tour-seilbahn\/\" class=\"wp-image-696\"\/><\/figure><\/li><li class=\"blocks-gallery-item\"><figure><img decoding=\"async\" src=\"https:\/\/www.seilbahn-ruedesheim.de\/wp-content\/uploads\/2019\/04\/tour-tempel.jpg\" alt=\"\" data-id=\"331\" data-link=\"https:\/\/www.seilbahn-ruedesheim.de\/tour-tempel\/\" class=\"wp-image-697\"\/><\/figure><\/li><li class=\"blocks-gallery-item\"><figure><img decoding=\"async\" src=\"https:\/\/www.seilbahn-ruedesheim.de\/wp-content\/uploads\/2019\/04\/tour-weg.jpg\" alt=\"\" data-id=\"332\" data-link=\"https:\/\/www.seilbahn-ruedesheim.de\/tour-weg\/\" class=\"wp-image-698\"\/><\/figure><\/li><li class=\"blocks-gallery-item\"><figure><img decoding=\"async\" src=\"https:\/\/www.seilbahn-ruedesheim.de\/wp-content\/uploads\/2019\/04\/tour-burg.jpg\" alt=\"\" data-id=\"333\" data-link=\"https:\/\/www.seilbahn-ruedesheim.de\/tour-burg\/\" class=\"wp-image-699\"\/><\/figure><\/li><\/ul><\/figure>\n\n\n<div class='printomatictext ' id='id3289' alt='Drucken' title='Drucken' data-print_target='.tour-content'>Drucken<\/div>\n","protected":false},"excerpt":{"rendered":"<p>An impressive round trip with a hike and boat ride duration 3-4 hours latest stat in Ruedesheim at 15:00 hours Prices Adults \u20ac 24.00 Children 5\u201315 years \u20ac 12.00 Groups from 20 persons \u20ac 22.00 School classes aged up to 18 years \u20ac 11.00<\/p>\n","protected":false},"author":5,"featured_media":0,"parent":855,"menu_order":0,"comment_status":"closed","ping_status":"closed","template":"","meta":{"_acf_changed":false,"_crdt_document":"","inline_featured_image":false,"slim_seo":{"title":"Ring Tour - Seilbahn R\u00fcdesheim","description":"An impressive round trip with a hike and boat ride duration 3-4 hours latest stat in Ruedesheim at 15:00 hours Prices Adults \u20ac 24.00 Children 5\u201315 years \u20ac 12.00"},"footnotes":""},"class_list":["post-806","page","type-page","status-publish","hentry"],"acf":[],"_links":{"self":[{"href":"https:\/\/www.seilbahn-ruedesheim.de\/en\/wp-json\/wp\/v2\/pages\/806","targetHints":{"allow":["GET"]}}],"collection":[{"href":"https:\/\/www.seilbahn-ruedesheim.de\/en\/wp-json\/wp\/v2\/pages"}],"about":[{"href":"https:\/\/www.seilbahn-ruedesheim.de\/en\/wp-json\/wp\/v2\/types\/page"}],"author":[{"embeddable":true,"href":"https:\/\/www.seilbahn-ruedesheim.de\/en\/wp-json\/wp\/v2\/users\/5"}],"replies":[{"embeddable":true,"href":"https:\/\/www.seilbahn-ruedesheim.de\/en\/wp-json\/wp\/v2\/comments?post=806"}],"version-history":[{"count":24,"href":"https:\/\/www.seilbahn-ruedesheim.de\/en\/wp-json\/wp\/v2\/pages\/806\/revisions"}],"predecessor-version":[{"id":2169,"href":"https:\/\/www.seilbahn-ruedesheim.de\/en\/wp-json\/wp\/v2\/pages\/806\/revisions\/2169"}],"up":[{"embeddable":true,"href":"https:\/\/www.seilbahn-ruedesheim.de\/en\/wp-json\/wp\/v2\/pages\/855"}],"wp:attachment":[{"href":"https:\/\/www.seilbahn-ruedesheim.de\/en\/wp-json\/wp\/v2\/media?parent=806"}],"curies":[{"name":"wp","href":"https:\/\/api.w.org\/{rel}","templated":true}]}}